{"id":5550,"date":"2016-12-03T15:08:37","date_gmt":"2016-12-03T15:08:37","guid":{"rendered":"https:\/\/demo.wpzoom.com\/inspiro\/?page_id=5550"},"modified":"2026-03-14T17:34:37","modified_gmt":"2026-03-14T17:34:37","slug":"homepage-2","status":"publish","type":"page","link":"https:\/\/altosdemarisol.online\/en\/","title":{"rendered":"Homepage"},"content":{"rendered":"<div data-elementor-type=\"wp-page\" data-elementor-id=\"5550\" class=\"elementor elementor-5550\">\n\t\t\t\t<div class=\"elementor-element elementor-element-ccdba2b e-flex e-con-boxed e-con e-parent\" data-id=\"ccdba2b\" data-element_type=\"container\" data-e-type=\"container\" data-settings=\"{&quot;background_background&quot;:&quot;video&quot;,&quot;background_play_on_mobile&quot;:&quot;yes&quot;}\">\n\t\t\t\t\t<div class=\"e-con-inner\">\n\t\t<div class=\"elementor-element elementor-element-7d31660 e-con-full e-flex e-con e-child\" data-id=\"7d31660\" data-element_type=\"container\" data-e-type=\"container\">\n\t\t\t\t<div class=\"elementor-element elementor-element-64e2721 elementor-widget elementor-widget-text-editor\" data-id=\"64e2721\" data-element_type=\"widget\" data-e-type=\"widget\" data-widget_type=\"text-editor.default\">\n\t\t\t\t\t\t\t\t\t<p data-start=\"152\" data-end=\"400\">Contemporary theatre as you had never seen it before<\/p>\t\t\t\t\t\t\t\t<\/div>\n\t\t\t\t<\/div>\n\t\t\t\t\t<\/div>\n\t\t\t\t<\/div>\n\t\t\t\t<section class=\"elementor-section elementor-top-section elementor-element elementor-element-f2ff528 elementor-section-boxed elementor-section-height-default elementor-section-height-default\" data-id=\"f2ff528\" data-element_type=\"section\" data-e-type=\"section\">\n\t\t\t\t\t\t<div class=\"elementor-container elementor-column-gap-no\">\n\t\t\t\t\t<div class=\"elementor-column elementor-col-100 elementor-top-column elementor-element elementor-element-3ed392a8\" data-id=\"3ed392a8\" data-element_type=\"column\" data-e-type=\"column\">\n\t\t\t<div class=\"elementor-widget-wrap elementor-element-populated\">\n\t\t\t\t\t\t<section class=\"elementor-section elementor-inner-section elementor-element elementor-element-5c9c93d5 elementor-section-full_width elementor-section-height-default elementor-section-height-default\" data-id=\"5c9c93d5\" data-element_type=\"section\" data-e-type=\"section\">\n\t\t\t\t\t\t<div class=\"elementor-container elementor-column-gap-no\">\n\t\t\t\t\t<div class=\"elementor-column elementor-col-100 elementor-inner-column elementor-element elementor-element-1b5c2c44\" data-id=\"1b5c2c44\" data-element_type=\"column\" data-e-type=\"column\">\n\t\t\t<div class=\"elementor-widget-wrap elementor-element-populated\">\n\t\t\t\t\t\t<div class=\"elementor-element elementor-element-45d5aa02 elementor-widget elementor-widget-text-editor\" data-id=\"45d5aa02\" data-element_type=\"widget\" data-e-type=\"widget\" id=\"compagnie\" data-widget_type=\"text-editor.default\">\n\t\t\t\t\t\t\t\t\t<p data-start=\"152\" data-end=\"400\">Fond\u00e9e par des artistes anim\u00e9s par une m\u00eame passion pour la sc\u00e8ne et le partage, <strong data-start=\"233\" data-end=\"268\">Compagnie GA\u00cfUS<\/strong> est un collectif th\u00e9\u00e2tral contemporain qui explore l\u2019humain sous toutes ses formes : ses fragilit\u00e9s, ses \u00e9lans, ses contradictions.<\/p><p data-start=\"402\" data-end=\"686\">\u00c0 travers des cr\u00e9ations originales et des r\u00e9\u00e9critures audacieuses de textes classiques, la compagnie m\u00eale th\u00e9\u00e2tre, mouvement, musique et po\u00e9sie visuelle. Chaque spectacle est pens\u00e9 comme une rencontre vivante avec le public, un espace o\u00f9 l\u2019\u00e9motion, le rire et la r\u00e9flexion coexistent.<\/p><p data-start=\"688\" data-end=\"934\">Implant\u00e9e entre les salles ind\u00e9pendantes et l\u2019espace public, la compagnie d\u00e9fend un th\u00e9\u00e2tre accessible, exigeant et profond\u00e9ment humain. Elle s\u2019adresse \u00e0 tous ceux qui croient que la sc\u00e8ne est un lieu de dialogue, de questionnement et de libert\u00e9.<\/p><p data-start=\"936\" data-end=\"1068\"><b><span data-start=\"233\" data-end=\"268\">Compagnie GA\u00cfUS<\/span> <\/b>cr\u00e9e pour \u00e9mouvoir, surprendre et faire r\u00e9sonner les histoires d\u2019aujourd\u2019hui avec celles d\u2019hier.<\/p>\t\t\t\t\t\t\t\t<\/div>\n\t\t\t\t\t<\/div>\n\t\t<\/div>\n\t\t\t\t\t<\/div>\n\t\t<\/section>\n\t\t\t\t\t<\/div>\n\t\t<\/div>\n\t\t\t\t\t<\/div>\n\t\t<\/section>\n\t\t\t\t<section class=\"elementor-section elementor-top-section elementor-element elementor-element-3b33cd49 elementor-section-full_width elementor-section-height-default elementor-section-height-default\" data-id=\"3b33cd49\" data-element_type=\"section\" data-e-type=\"section\" data-settings=\"{&quot;background_background&quot;:&quot;classic&quot;}\">\n\t\t\t\t\t\t<div class=\"elementor-container elementor-column-gap-default\">\n\t\t\t\t\t<div class=\"elementor-column elementor-col-100 elementor-top-column elementor-element elementor-element-690e5a50\" data-id=\"690e5a50\" data-element_type=\"column\" data-e-type=\"column\" data-settings=\"{&quot;background_background&quot;:&quot;classic&quot;}\">\n\t\t\t<div class=\"elementor-widget-wrap elementor-element-populated\">\n\t\t\t\t\t\t<div class=\"elementor-element elementor-element-31e90b01 elementor-widget elementor-widget-heading\" data-id=\"31e90b01\" data-element_type=\"widget\" data-e-type=\"widget\" id=\"shows\" data-widget_type=\"heading.default\">\n\t\t\t\t\t<h2 class=\"elementor-heading-title elementor-size-default\">Les espectacles<\/h2>\t\t\t\t<\/div>\n\t\t\t\t<div class=\"elementor-element elementor-element-fc714a4 elementor-grid-3 elementor-grid-tablet-2 elementor-grid-mobile-1 elementor-widget elementor-widget-wpzoom-elementor-addons-posts-grid\" data-id=\"fc714a4\" data-element_type=\"widget\" data-e-type=\"widget\" data-settings=\"{&quot;columns&quot;:&quot;3&quot;,&quot;columns_tablet&quot;:&quot;2&quot;,&quot;columns_mobile&quot;:&quot;1&quot;}\" data-widget_type=\"wpzoom-elementor-addons-posts-grid.default\">\n\t\t\t\t<div class=\"elementor-widget-container\">\n\t\t\t\t\t\t\t<div \n\t\t\tclass=\"wpz-grid\" \n\t\t\tdata-uid=\"fc714a4\"\n\t\t\tdata-offset=\"3\"\n\t\t\tdata-posts-grid='{\"posts_per_page\":3,\"post_status\":\"publish\",\"paged\":1,\"post__not_in\":[],\"ignore_sticky_posts\":true,\"category_name\":\"espectacle\",\"no_found_rows\":true,\"orderby\":\"post_date\",\"order\":\"desc\",\"offset\":3,\"show_image\":\"yes\",\"post_thumbnail_size\":\"full\",\"show_title\":\"yes\",\"title_tag\":\"h3\",\"meta_data\":[],\"show_excerpt\":\"\",\"excerpt_length\":null,\"show_read_more\":\"\",\"read_more_text\":null,\"grid_style\":\"6\",\"total\":0}'>\n\t\t\t\t\t\t<div class=\"wpz-grid-container elementor-grid wpz-grid-desktop-3  wpz-grid-tablet-2  wpz-grid-mobile-1\">\n\t\t\t\t\n        <article id=\"post-8209\" class=\"wpz-post post-8209 post type-post status-publish format-standard has-post-thumbnail hentry category-espectacle tag-54\">\n         \n            <div class=\"post-grid-inner\">\n            \t\n            \t\t\t\t<div class=\"post-grid-thumbnail\">\n\t\t\t\t<a href=\"https:\/\/altosdemarisol.online\/en\/atlas\/\" title=\"Atlas\">\n\t\t\t\t\t<img fetchpriority=\"high\" decoding=\"async\" width=\"1440\" height=\"1798\" src=\"https:\/\/altosdemarisol.online\/wp-content\/uploads\/2026\/02\/julius2.jpeg\" class=\"attachment-full size-full wp-post-image\" alt=\"\" srcset=\"https:\/\/altosdemarisol.online\/wp-content\/uploads\/2026\/02\/julius2.jpeg 1440w, https:\/\/altosdemarisol.online\/wp-content\/uploads\/2026\/02\/julius2-240x300.jpeg 240w, https:\/\/altosdemarisol.online\/wp-content\/uploads\/2026\/02\/julius2-820x1024.jpeg 820w, https:\/\/altosdemarisol.online\/wp-content\/uploads\/2026\/02\/julius2-10x12.jpeg 10w, https:\/\/altosdemarisol.online\/wp-content\/uploads\/2026\/02\/julius2-1230x1536.jpeg 1230w, https:\/\/altosdemarisol.online\/wp-content\/uploads\/2026\/02\/julius2-600x749.jpeg 600w, https:\/\/altosdemarisol.online\/wp-content\/uploads\/2026\/02\/julius2-1200x1498.jpeg 1200w\" sizes=\"100vw\" \/>\t\t\t\t<\/a>\n\t\t\t<\/div>\n\t\t\n                <div class=\"post-grid-text-wrap\">\n\t\t\t\t\t\t\t\t\t\t\t\t<h3 class=\"title\">\n\t\t\t<a href=\"https:\/\/altosdemarisol.online\/en\/atlas\/\" title=\"Atlas\">Atlas<\/a>\n\t\t<\/h3>\n\t\t\t                \t                \t                                <\/div>\n\n            <\/div><!-- .blog-inner -->\n           \n        <\/article>\n\n        \n        <article id=\"post-8205\" class=\"wpz-post post-8205 post type-post status-publish format-standard has-post-thumbnail hentry category-espectacle tag-54\">\n         \n            <div class=\"post-grid-inner\">\n            \t\n            \t\t\t\t<div class=\"post-grid-thumbnail\">\n\t\t\t\t<a href=\"https:\/\/altosdemarisol.online\/en\/uroboros\/\" title=\"UroboroS\">\n\t\t\t\t\t<img fetchpriority=\"high\" decoding=\"async\" width=\"1440\" height=\"1798\" src=\"https:\/\/altosdemarisol.online\/wp-content\/uploads\/2026\/02\/julius2.jpeg\" class=\"attachment-full size-full wp-post-image\" alt=\"\" srcset=\"https:\/\/altosdemarisol.online\/wp-content\/uploads\/2026\/02\/julius2.jpeg 1440w, https:\/\/altosdemarisol.online\/wp-content\/uploads\/2026\/02\/julius2-240x300.jpeg 240w, https:\/\/altosdemarisol.online\/wp-content\/uploads\/2026\/02\/julius2-820x1024.jpeg 820w, https:\/\/altosdemarisol.online\/wp-content\/uploads\/2026\/02\/julius2-10x12.jpeg 10w, https:\/\/altosdemarisol.online\/wp-content\/uploads\/2026\/02\/julius2-1230x1536.jpeg 1230w, https:\/\/altosdemarisol.online\/wp-content\/uploads\/2026\/02\/julius2-600x749.jpeg 600w, https:\/\/altosdemarisol.online\/wp-content\/uploads\/2026\/02\/julius2-1200x1498.jpeg 1200w\" sizes=\"100vw\" \/>\t\t\t\t<\/a>\n\t\t\t<\/div>\n\t\t\n                <div class=\"post-grid-text-wrap\">\n\t\t\t\t\t\t\t\t\t\t\t\t<h3 class=\"title\">\n\t\t\t<a href=\"https:\/\/altosdemarisol.online\/en\/uroboros\/\" title=\"UroboroS\">UroboroS<\/a>\n\t\t<\/h3>\n\t\t\t                \t                \t                                <\/div>\n\n            <\/div><!-- .blog-inner -->\n           \n        <\/article>\n\n        \n        <article id=\"post-7356\" class=\"wpz-post post-7356 post type-post status-publish format-standard has-post-thumbnail hentry category-espectacle tag-54\">\n         \n            <div class=\"post-grid-inner\">\n            \t\n            \t\t\t\t<div class=\"post-grid-thumbnail\">\n\t\t\t\t<a href=\"https:\/\/altosdemarisol.online\/en\/pan\/\" title=\"Pan!\">\n\t\t\t\t\t<img fetchpriority=\"high\" decoding=\"async\" width=\"1440\" height=\"1798\" src=\"https:\/\/altosdemarisol.online\/wp-content\/uploads\/2026\/02\/julius2.jpeg\" class=\"attachment-full size-full wp-post-image\" alt=\"\" srcset=\"https:\/\/altosdemarisol.online\/wp-content\/uploads\/2026\/02\/julius2.jpeg 1440w, https:\/\/altosdemarisol.online\/wp-content\/uploads\/2026\/02\/julius2-240x300.jpeg 240w, https:\/\/altosdemarisol.online\/wp-content\/uploads\/2026\/02\/julius2-820x1024.jpeg 820w, https:\/\/altosdemarisol.online\/wp-content\/uploads\/2026\/02\/julius2-10x12.jpeg 10w, https:\/\/altosdemarisol.online\/wp-content\/uploads\/2026\/02\/julius2-1230x1536.jpeg 1230w, https:\/\/altosdemarisol.online\/wp-content\/uploads\/2026\/02\/julius2-600x749.jpeg 600w, https:\/\/altosdemarisol.online\/wp-content\/uploads\/2026\/02\/julius2-1200x1498.jpeg 1200w\" sizes=\"100vw\" \/>\t\t\t\t<\/a>\n\t\t\t<\/div>\n\t\t\n                <div class=\"post-grid-text-wrap\">\n\t\t\t\t\t\t\t\t\t\t\t\t<h3 class=\"title\">\n\t\t\t<a href=\"https:\/\/altosdemarisol.online\/en\/pan\/\" title=\"Pan!\">Pan!<\/a>\n\t\t<\/h3>\n\t\t\t                \t                \t                                <\/div>\n\n            <\/div><!-- .blog-inner -->\n           \n        <\/article>\n\n        \t\t\t<\/div>\n\n\t\t\t\t\t\t\t\t\n\t\t<\/div><!-- \/\/.wpz-grid -->\n\t\t\t\t\t\t<\/div>\n\t\t\t\t<\/div>\n\t\t\t\t\t<\/div>\n\t\t<\/div>\n\t\t\t\t\t<\/div>\n\t\t<\/section>\n\t\t\t\t<section class=\"elementor-section elementor-top-section elementor-element elementor-element-b9e548a elementor-section-full_width elementor-section-height-default elementor-section-height-default\" data-id=\"b9e548a\" data-element_type=\"section\" data-e-type=\"section\" data-settings=\"{&quot;background_background&quot;:&quot;classic&quot;}\">\n\t\t\t\t\t\t<div class=\"elementor-container elementor-column-gap-default\">\n\t\t\t\t\t<div class=\"elementor-column elementor-col-100 elementor-top-column elementor-element elementor-element-4791ebc\" data-id=\"4791ebc\" data-element_type=\"column\" data-e-type=\"column\">\n\t\t\t<div class=\"elementor-widget-wrap elementor-element-populated\">\n\t\t\t\t\t\t<div class=\"elementor-element elementor-element-269f36e elementor-widget elementor-widget-heading\" data-id=\"269f36e\" data-element_type=\"widget\" data-e-type=\"widget\" data-widget_type=\"heading.default\">\n\t\t\t\t\t<h2 class=\"elementor-heading-title elementor-size-default\">Les Artistes<\/h2>\t\t\t\t<\/div>\n\t\t\t\t<div class=\"elementor-element elementor-element-433c0eb elementor-grid-3 elementor-grid-tablet-2 elementor-grid-mobile-1 elementor-widget elementor-widget-wpzoom-elementor-addons-posts-grid\" data-id=\"433c0eb\" data-element_type=\"widget\" data-e-type=\"widget\" data-settings=\"{&quot;columns&quot;:&quot;3&quot;,&quot;columns_tablet&quot;:&quot;2&quot;,&quot;columns_mobile&quot;:&quot;1&quot;}\" data-widget_type=\"wpzoom-elementor-addons-posts-grid.default\">\n\t\t\t\t<div class=\"elementor-widget-container\">\n\t\t\t\t\t\t\t<div \n\t\t\tclass=\"wpz-grid\" \n\t\t\tdata-uid=\"433c0eb\"\n\t\t\tdata-offset=\"3\"\n\t\t\tdata-posts-grid='{\"posts_per_page\":3,\"post_status\":\"publish\",\"paged\":1,\"post__not_in\":[],\"ignore_sticky_posts\":true,\"category_name\":\"artistes\",\"no_found_rows\":true,\"orderby\":\"post_date\",\"order\":\"desc\",\"offset\":3,\"show_image\":\"yes\",\"post_thumbnail_size\":\"full\",\"show_title\":\"yes\",\"title_tag\":\"h3\",\"meta_data\":[],\"show_excerpt\":\"\",\"excerpt_length\":null,\"show_read_more\":\"\",\"read_more_text\":null,\"grid_style\":\"6\",\"total\":0}'>\n\t\t\t\t\t\t<div class=\"wpz-grid-container elementor-grid wpz-grid-desktop-3  wpz-grid-tablet-2  wpz-grid-mobile-1\">\n\t\t\t\t\n        <article id=\"post-8168\" class=\"wpz-post post-8168 post type-post status-publish format-standard has-post-thumbnail hentry category-artistes category-equipe\">\n         \n            <div class=\"post-grid-inner\">\n            \t\n            \t\t\t\t<div class=\"post-grid-thumbnail\">\n\t\t\t\t<a href=\"https:\/\/altosdemarisol.online\/en\/jerome\/\" title=\"Jerome\">\n\t\t\t\t\t<img decoding=\"async\" width=\"1707\" height=\"2560\" src=\"https:\/\/altosdemarisol.online\/wp-content\/uploads\/2021\/10\/toa-heftiba-IRRSm7rB38o-unsplash-scaled-1.jpg\" class=\"attachment-full size-full wp-post-image\" alt=\"\" srcset=\"https:\/\/altosdemarisol.online\/wp-content\/uploads\/2021\/10\/toa-heftiba-IRRSm7rB38o-unsplash-scaled-1.jpg 1707w, https:\/\/altosdemarisol.online\/wp-content\/uploads\/2021\/10\/toa-heftiba-IRRSm7rB38o-unsplash-scaled-1-200x300.jpg 200w, https:\/\/altosdemarisol.online\/wp-content\/uploads\/2021\/10\/toa-heftiba-IRRSm7rB38o-unsplash-scaled-1-683x1024.jpg 683w, https:\/\/altosdemarisol.online\/wp-content\/uploads\/2021\/10\/toa-heftiba-IRRSm7rB38o-unsplash-scaled-1-8x12.jpg 8w, https:\/\/altosdemarisol.online\/wp-content\/uploads\/2021\/10\/toa-heftiba-IRRSm7rB38o-unsplash-scaled-1-1024x1536.jpg 1024w, https:\/\/altosdemarisol.online\/wp-content\/uploads\/2021\/10\/toa-heftiba-IRRSm7rB38o-unsplash-scaled-1-1366x2048.jpg 1366w, https:\/\/altosdemarisol.online\/wp-content\/uploads\/2021\/10\/toa-heftiba-IRRSm7rB38o-unsplash-scaled-1-600x900.jpg 600w, https:\/\/altosdemarisol.online\/wp-content\/uploads\/2021\/10\/toa-heftiba-IRRSm7rB38o-unsplash-scaled-1-1200x1800.jpg 1200w\" sizes=\"100vw\" \/>\t\t\t\t<\/a>\n\t\t\t<\/div>\n\t\t\n                <div class=\"post-grid-text-wrap\">\n\t\t\t\t\t\t\t\t\t\t\t\t<h3 class=\"title\">\n\t\t\t<a href=\"https:\/\/altosdemarisol.online\/en\/jerome\/\" title=\"Jerome\">Jerome<\/a>\n\t\t<\/h3>\n\t\t\t                \t                \t                                <\/div>\n\n            <\/div><!-- .blog-inner -->\n           \n        <\/article>\n\n        \n        <article id=\"post-8166\" class=\"wpz-post post-8166 post type-post status-publish format-standard has-post-thumbnail hentry category-artistes category-equipe\">\n         \n            <div class=\"post-grid-inner\">\n            \t\n            \t\t\t\t<div class=\"post-grid-thumbnail\">\n\t\t\t\t<a href=\"https:\/\/altosdemarisol.online\/en\/paul-krugener\/\" title=\"Paul Kr\u00fcgener\">\n\t\t\t\t\t<img decoding=\"async\" width=\"1707\" height=\"2560\" src=\"https:\/\/altosdemarisol.online\/wp-content\/uploads\/2021\/10\/toa-heftiba-IRRSm7rB38o-unsplash-scaled-1.jpg\" class=\"attachment-full size-full wp-post-image\" alt=\"\" srcset=\"https:\/\/altosdemarisol.online\/wp-content\/uploads\/2021\/10\/toa-heftiba-IRRSm7rB38o-unsplash-scaled-1.jpg 1707w, https:\/\/altosdemarisol.online\/wp-content\/uploads\/2021\/10\/toa-heftiba-IRRSm7rB38o-unsplash-scaled-1-200x300.jpg 200w, https:\/\/altosdemarisol.online\/wp-content\/uploads\/2021\/10\/toa-heftiba-IRRSm7rB38o-unsplash-scaled-1-683x1024.jpg 683w, https:\/\/altosdemarisol.online\/wp-content\/uploads\/2021\/10\/toa-heftiba-IRRSm7rB38o-unsplash-scaled-1-8x12.jpg 8w, https:\/\/altosdemarisol.online\/wp-content\/uploads\/2021\/10\/toa-heftiba-IRRSm7rB38o-unsplash-scaled-1-1024x1536.jpg 1024w, https:\/\/altosdemarisol.online\/wp-content\/uploads\/2021\/10\/toa-heftiba-IRRSm7rB38o-unsplash-scaled-1-1366x2048.jpg 1366w, https:\/\/altosdemarisol.online\/wp-content\/uploads\/2021\/10\/toa-heftiba-IRRSm7rB38o-unsplash-scaled-1-600x900.jpg 600w, https:\/\/altosdemarisol.online\/wp-content\/uploads\/2021\/10\/toa-heftiba-IRRSm7rB38o-unsplash-scaled-1-1200x1800.jpg 1200w\" sizes=\"100vw\" \/>\t\t\t\t<\/a>\n\t\t\t<\/div>\n\t\t\n                <div class=\"post-grid-text-wrap\">\n\t\t\t\t\t\t\t\t\t\t\t\t<h3 class=\"title\">\n\t\t\t<a href=\"https:\/\/altosdemarisol.online\/en\/paul-krugener\/\" title=\"Paul Kr\u00fcgener\">Paul Kr\u00fcgener<\/a>\n\t\t<\/h3>\n\t\t\t                \t                \t                                <\/div>\n\n            <\/div><!-- .blog-inner -->\n           \n        <\/article>\n\n        \n        <article id=\"post-8160\" class=\"wpz-post post-8160 post type-post status-publish format-standard has-post-thumbnail hentry category-artistes category-equipe\">\n         \n            <div class=\"post-grid-inner\">\n            \t\n            \t\t\t\t<div class=\"post-grid-thumbnail\">\n\t\t\t\t<a href=\"https:\/\/altosdemarisol.online\/en\/silvia-oggioni\/\" title=\"Silvia Oggioni\">\n\t\t\t\t\t<img decoding=\"async\" width=\"1707\" height=\"2560\" src=\"https:\/\/altosdemarisol.online\/wp-content\/uploads\/2021\/10\/toa-heftiba-IRRSm7rB38o-unsplash-scaled-1.jpg\" class=\"attachment-full size-full wp-post-image\" alt=\"\" srcset=\"https:\/\/altosdemarisol.online\/wp-content\/uploads\/2021\/10\/toa-heftiba-IRRSm7rB38o-unsplash-scaled-1.jpg 1707w, https:\/\/altosdemarisol.online\/wp-content\/uploads\/2021\/10\/toa-heftiba-IRRSm7rB38o-unsplash-scaled-1-200x300.jpg 200w, https:\/\/altosdemarisol.online\/wp-content\/uploads\/2021\/10\/toa-heftiba-IRRSm7rB38o-unsplash-scaled-1-683x1024.jpg 683w, https:\/\/altosdemarisol.online\/wp-content\/uploads\/2021\/10\/toa-heftiba-IRRSm7rB38o-unsplash-scaled-1-8x12.jpg 8w, https:\/\/altosdemarisol.online\/wp-content\/uploads\/2021\/10\/toa-heftiba-IRRSm7rB38o-unsplash-scaled-1-1024x1536.jpg 1024w, https:\/\/altosdemarisol.online\/wp-content\/uploads\/2021\/10\/toa-heftiba-IRRSm7rB38o-unsplash-scaled-1-1366x2048.jpg 1366w, https:\/\/altosdemarisol.online\/wp-content\/uploads\/2021\/10\/toa-heftiba-IRRSm7rB38o-unsplash-scaled-1-600x900.jpg 600w, https:\/\/altosdemarisol.online\/wp-content\/uploads\/2021\/10\/toa-heftiba-IRRSm7rB38o-unsplash-scaled-1-1200x1800.jpg 1200w\" sizes=\"100vw\" \/>\t\t\t\t<\/a>\n\t\t\t<\/div>\n\t\t\n                <div class=\"post-grid-text-wrap\">\n\t\t\t\t\t\t\t\t\t\t\t\t<h3 class=\"title\">\n\t\t\t<a href=\"https:\/\/altosdemarisol.online\/en\/silvia-oggioni\/\" title=\"Silvia Oggioni\">Silvia Oggioni<\/a>\n\t\t<\/h3>\n\t\t\t                \t                \t                                <\/div>\n\n            <\/div><!-- .blog-inner -->\n           \n        <\/article>\n\n        \t\t\t<\/div>\n\n\t\t\t\t\t\t\t\t\n\t\t<\/div><!-- \/\/.wpz-grid -->\n\t\t\t\t\t\t<\/div>\n\t\t\t\t<\/div>\n\t\t\t\t\t<\/div>\n\t\t<\/div>\n\t\t\t\t\t<\/div>\n\t\t<\/section>\n\t\t<div class=\"elementor-element elementor-element-1b5c1bc e-flex e-con-boxed e-con e-parent\" data-id=\"1b5c1bc\" data-element_type=\"container\" data-e-type=\"container\" id=\"calendrier\" data-settings=\"{&quot;background_background&quot;:&quot;classic&quot;}\">\n\t\t\t\t\t<div class=\"e-con-inner\">\n\t\t\t\t<div class=\"elementor-element elementor-element-0d9c265 elementor-widget elementor-widget-heading\" data-id=\"0d9c265\" data-element_type=\"widget\" data-e-type=\"widget\" data-widget_type=\"heading.default\">\n\t\t\t\t\t<h2 class=\"elementor-heading-title elementor-size-default\">Calendar<\/h2>\t\t\t\t<\/div>\n\t\t\t\t<div class=\"elementor-element elementor-element-5859569 elementor-widget elementor-widget-text-editor\" data-id=\"5859569\" data-element_type=\"widget\" data-e-type=\"widget\" data-widget_type=\"text-editor.default\">\n\t\t\t\t\t\t\t\t\t<p>21 Fev 2026 &#8211; PAN!<\/p>\t\t\t\t\t\t\t\t<\/div>\n\t\t\t\t\t<\/div>\n\t\t\t\t<\/div>\n\t\t\t\t<\/div>","protected":false},"excerpt":{"rendered":"<p>Le th\u00e9\u00e2tre contemporain comme vous ne l\u2019aviez jamais vu. Fond\u00e9e par des artistes anim\u00e9s par une m\u00eame passion pour la sc\u00e8ne et le partage, Compagnie GA\u00cfUS est un collectif th\u00e9\u00e2tral contemporain qui explore l\u2019humain sous toutes ses formes : ses fragilit\u00e9s, ses \u00e9lans, ses contradictions. \u00c0 travers des cr\u00e9ations originales et des r\u00e9\u00e9critures audacieuses de &hellip; <\/p>\n<p class=\"link-more\"><a href=\"https:\/\/altosdemarisol.online\/en\/silvia-oggioni\/\" class=\"more-link\">Read more<span class=\"screen-reader-text\"> \u00ab\u00a0Silvia Oggioni\u00a0\u00bb<\/span><\/a><\/p>","protected":false},"author":2,"featured_media":0,"parent":0,"menu_order":0,"comment_status":"closed","ping_status":"closed","template":"page-templates\/full-width-transparent.php","meta":{"_acf_changed":false,"footnotes":""},"class_list":["post-5550","page","type-page","status-publish","hentry"],"acf":[],"featured_media_urls":[],"_links":{"self":[{"href":"https:\/\/altosdemarisol.online\/en\/wp-json\/wp\/v2\/pages\/5550","targetHints":{"allow":["GET"]}}],"collection":[{"href":"https:\/\/altosdemarisol.online\/en\/wp-json\/wp\/v2\/pages"}],"about":[{"href":"https:\/\/altosdemarisol.online\/en\/wp-json\/wp\/v2\/types\/page"}],"author":[{"embeddable":true,"href":"https:\/\/altosdemarisol.online\/en\/wp-json\/wp\/v2\/users\/2"}],"replies":[{"embeddable":true,"href":"https:\/\/altosdemarisol.online\/en\/wp-json\/wp\/v2\/comments?post=5550"}],"version-history":[{"count":342,"href":"https:\/\/altosdemarisol.online\/en\/wp-json\/wp\/v2\/pages\/5550\/revisions"}],"predecessor-version":[{"id":8241,"href":"https:\/\/altosdemarisol.online\/en\/wp-json\/wp\/v2\/pages\/5550\/revisions\/8241"}],"wp:attachment":[{"href":"https:\/\/altosdemarisol.online\/en\/wp-json\/wp\/v2\/media?parent=5550"}],"curies":[{"name":"wp","href":"https:\/\/api.w.org\/{rel}","templated":true}]}}